{"id":1946,"date":"2024-01-30T10:46:28","date_gmt":"2024-01-30T09:46:28","guid":{"rendered":"https:\/\/kuebler-hotel.de\/?page_id=1946"},"modified":"2025-09-10T12:37:43","modified_gmt":"2025-09-10T10:37:43","slug":"faqs-2","status":"publish","type":"page","link":"https:\/\/kuebler-hotel.de\/en\/faqs-2\/","title":{"rendered":"FAQs"},"content":{"rendered":"\n<h2 class=\"wp-block-heading\">Lage und Geb\u00e4ude<\/h2>\n\n\n\n<p><strong>Wie lautet die Adresse des Hotel K\u00fcbler?<\/strong><br>In der Lach 2<br>90530 Wendelstein<\/p>\n\n\n\n<p><strong>Gibt es eine Zugverbindung in der N\u00e4he?<\/strong><br>Der nahe gelegenste Zugbahnhof befindet sich in Feucht:<br>Bahnhofstra\u00dfe 32<br>90537 Feucht<\/p>\n\n\n\n<p><strong>Gibt es einen Geldautomaten in der N\u00e4he?<\/strong><br>Der n\u00e4chste Geldautomat steht in Wendelstein :<br>Sperbersloher Stra\u00dfe 2<br>90530 Wendelstein<\/p>\n\n\n\n<p><strong>Gibt es eine Apotheke in der N\u00e4he?<\/strong><br>Wendelstein Apotheke<br>Hauptstra\u00dfe 11<br>90530 Wendelstein<\/p>\n\n\n\n<p><strong>Wie viele Etagen hat das Hotel K\u00fcbler und wie viele Hotelzimmer insgesamt?<\/strong><br>Insgesamt 38 Hotelzimmer (davon 31 Doppel- und 7 Einzelzimmer) sind auf 3 Etagen (Erdgeschoss, 1. OG und 2. OG verteilt)<\/p>\n\n\n\n<h2 class=\"wp-block-heading\">Ihr Aufenthalt<\/h2>\n\n\n\n<p><strong>Wie sind die Check-In und Check-Out Zeiten?<\/strong><br>Check-In: ab 14:00 Uhr (Bitte beachten Sie die Rezeptions-Schlie\u00dfzeiten der jeweiligen Wochentage)<br>Check-Out: Bis 11:00 Uhr <\/p>\n\n\n\n<p><strong>Welche Sprachen werden im Hotel K\u00fcbler gesprochen?<\/strong><br>Unsere Mitarbeiter sprechen Deutsch, Englisch &#8211; teilweise auch Franz\u00f6sisch und Vietnamesisch<\/p>\n\n\n\n<p><strong>Ist das Fr\u00fchst\u00fcck im Preis inkludiert?<\/strong><br>Wenn nicht explizit ohne Fr\u00fchst\u00fcck gebucht wird, ist das Fr\u00fchst\u00fcck automatisch im Preis inbegriffen. Pro Person betr\u00e4gt der Fr\u00fchst\u00fccksanteil 12,50 EUR. Bitte \u00fcberpr\u00fcfen Sie Ihre Buchungsdetails, gerne kontaktieren Sie uns bei Fragen unter: <em>hello@kuebler-hotel.de<\/em><\/p>\n\n\n\n<p><strong>Wie sind die Fr\u00fchst\u00fcckszeiten?<\/strong><br>Montag &#8211; Freitag: 06:30 &#8211; 10:00 Uhr<br>Samstag, Sonntag und Feiertags: ab 07:00 Uhr<\/p>\n\n\n\n<p><strong>Welche Art von Fr\u00fchst\u00fcck wird angeboten?<\/strong><br>Unser Hotelfr\u00fchst\u00fcck wird als Buffet im Hotelrestaurant angeboten. Es handelt sich um ein variantenreiches Kontinental-Fr\u00fchst\u00fcck.<\/p>\n\n\n\n<p><strong>Gibt es Parkpl\u00e4tze am Hotel? Sind diese kostenfrei?<\/strong><br>Das Hotel K\u00fcbler verf\u00fcgt \u00fcber ca. 42 Parkpl\u00e4tze. Diese sind f\u00fcr unsere Kunden kostenfrei.<\/p>\n\n\n\n<p><strong>Gibt es E-Lade-S\u00e4ulen f\u00fcr mein E-Auto?<\/strong><br>Ja, das Hotel K\u00fcbler hat eine E-Lades\u00e4ule; mit zwei Anschl\u00fcssen. Weitere Lades\u00e4ulen sind im Umkreis von wenigen Minuten fu\u00dfl\u00e4ufig gut erreichbar.<\/p>\n\n\n\n<p>I<strong>st es gestattet auf den Hotelzimmer zu Rauchen?<\/strong><br>Nein, das Hotel K\u00fcbler ist ein ausdr\u00fcckliches Nicht-Raucher-Hotel. Auf der zweiten Etage des Hotels befindet sich eine Dachterrasse, auf welcher geraucht werden darf.<\/p>\n\n\n\n<p><strong>Kann ich ein Zustellbett \/ Babybett f\u00fcr mein Kind im Zimmer erhalten?<\/strong><br>Zustellbetten oder Babybetten stellen wir gerne auf Anfrage zur Verf\u00fcgung. Zustellbetten (2,00 m x 0,9 m) sind nur in drei Hotelzimmern unseres Hauses m\u00f6glich. Entsprechend gibt es die Zustellbetten nur nach Verf\u00fcgbarkeit. Der Aufpreis hierf\u00fcr betr\u00e4gt 25,00 EUR. Babybetten stellen wir gegen eine Geb\u00fchr von 10,00 EUR zur Verf\u00fcgung.<\/p>\n\n\n\n<p><strong>Gibt es kostenfreies WLAN?<\/strong><br>Ja, Sie k\u00f6nnen sich kostenfrei in das hauseigene WLAN einloggen. Den Zugangscode hierf\u00fcr finden Sie jeweils auf Ihrem Schreibtisch am Zimmer.<\/p>\n\n\n\n<p><strong>Verf\u00fcgen die Hotelzimmer \u00fcber Haartrockner?<\/strong><br>Ja, jedes unserer Hotelzimmer ist mit einem Haartrockner ausgestattet.<\/p>\n\n\n\n<p><strong>Ist das Hotel K\u00fcbler barriererfrei?<\/strong><br>Nein, das Hotel ist nicht barrierefrei. Der Restauranteingang ist zwar \u00fcber eine Rampe begehbar. Im Hotel m\u00fcssen jedoch mindestens 5 Stufen \u00fcberwunden werden. Zu den Hotelzimmern in die einzelnen Etagen gelangt man dann \u00fcber einen Aufzug.<\/p>\n\n\n\n<h2 class=\"wp-block-heading\">Restaurant<\/h2>\n\n\n\n<p><strong>Wie sind die Restaurant-\u00d6ffnungszeiten?<\/strong><br>Montag: 17:00 &#8211; 22:00 Uhr (K\u00fcche bis 21:00 Uhr)<br>Dienstag: 17:00 &#8211; 22:00 Uhr (K\u00fcche bis 21:00 Uhr)<br>Mittwoch: <em>&#8211; RUHETAG &#8211;<\/em><br>Donnerstag: 17:00 &#8211; 22:00 Uhr (K\u00fcche bis 21:00 Uhr)<br>Freitag: 17:00 &#8211; 22:00 Uhr (K\u00fcche bis 21:00 Uhr)<br>Samstag: 17:00 &#8211; 22:00 Uhr (K\u00fcche bis 21:00 Uhr)<br>Sonntag: <em>&#8211; RUHETAG &#8211;<\/em><\/p>\n\n\n\n<p><strong>Ben\u00f6tige ich eine Reservierung?<\/strong><br>Vor allem an den Wochenenden ist eine Reservierung im Voraus von Vorteil.<\/p>\n\n\n\n<p><strong>Welche K\u00fcche (welcher Stil) wird angeboten?<\/strong><br>Das Restaurant im Hotel K\u00fcbler bietet eine breite Auswahl sowohl an fr\u00e4nkischen Spezialit\u00e4ten, wie auch internationalen Speisen.<\/p>\n\n\n\n<p><strong>Gibt es eine Bar?<\/strong><br>Das Hotel hat keine dezidierte Bar. Es k\u00f6nnen jedoch selbstverst\u00e4ndlich diverse Cocktail-Spezialit\u00e4ten von Longdrink bis ausgefallenen Cocktail bestellt werden.<\/p>\n\n\n\n<p><strong>Gibt es die M\u00f6glichkeiten im Restaurant Veranstaltungen auszurichten?<\/strong><br>Wir freuen uns sehr, Ihre Veranstaltung bei uns im Haus ausrichten zu d\u00fcrfen. Fragen Sie bez\u00fcglich eines Termins gerne telefonisch oder per Mail an. Unser Restaurantleiter bespricht dann gerne die Details mit Ihnen.<\/p>\n\n\n\n<p><strong>Gibt es ein behindertengerechtes WC im Restaurant?<\/strong><br>Ja, das Restaurant verf\u00fcgt \u00fcber ein behindertengerechtes WC.<\/p>\n\n\n\n<p><strong>Kann man Restaurant-Gutscheine erwerben?<\/strong><br>Ja, das ist m\u00f6glich. Fragen Sie hierf\u00fcr gerne telefonisch zun\u00e4chst an. Gerne bereiten wir Ihnen den Gutschein dann gerne vor.<\/p>\n\n\n\n<h2 class=\"wp-block-heading\">Zahlung und Stornierung<\/h2>\n\n\n\n<p><strong>Ben\u00f6tige ich einen Ausweis zum Check-IN?<\/strong><br>Als ausl\u00e4ndischer Staatsb\u00fcrger ben\u00f6tigen Sie einen Reisepass oder einen Personalausweis zur Identifizierung.<\/p>\n\n\n\n<p><strong>Wie kann ich bezahlen?<\/strong><br>Sie k\u00f6nnen entweder:<br>Bar<br>Auf Rechnung (mit Kosten\u00fcbernahmeerkl\u00e4rung der Firma)<br>Kreditkarte (Mastercard, Visa oder AMEX) <br>bezahlen.<\/p>\n\n\n\n<p><strong>Ist eine Stornierung m\u00f6glich?<\/strong><br>Informieren Sie uns bitte schriftlich \u00fcber eine Stornierung. (hello@kuebler-hotel.de). Die Stornierungsbedingungen entnehmen Sie bitte unseren AGB; sollten keine individuellen Stornierungsbedingungen bei der Buchung vereinbart worden sein.<br>Buchungen, die \u00fcber ein Buchungsportal (Drittanbieter) get\u00e4tigt wurden, m\u00fcssen auch \u00fcber das jeweilige Portal wieder storniert werden.<\/p>\n\n\n\n<p><\/p>\n","protected":false},"excerpt":{"rendered":"<p>Lage und Geb\u00e4ude Wie lautet die Adresse des Hotel K\u00fcbler?In der Lach 290530 Wendelstein Gibt es eine Zugverbindung in der N\u00e4he?Der nahe gelegenste Zugbahnhof befindet sich in Feucht:Bahnhofstra\u00dfe 3290537 Feucht Gibt es einen Geldautomaten in der N\u00e4he?Der n\u00e4chste Geldautomat steht in Wendelstein :Sperbersloher Stra\u00dfe 290530 Wendelstein Gibt es eine Apotheke in der N\u00e4he?Wendelstein ApothekeHauptstra\u00dfe 1190530 [&hellip;]<\/p>\n","protected":false},"author":1,"featured_media":0,"parent":0,"menu_order":0,"comment_status":"closed","ping_status":"closed","template":"","meta":{"footnotes":""},"class_list":["post-1946","page","type-page","status-publish","hentry"],"yoast_head":"<!-- This site is optimized with the Yoast SEO plugin v27.5 - https:\/\/yoast.com\/product\/yoast-seo-wordpress\/ -->\n<title>FAQs<\/title>\n<meta name=\"description\" content=\"This hotel is located in the middle of the Lorenzer Reichswald, southwest of Nuremberg and directly on the outskirts of the city. You can reach the Nuremberg Trade Fair after only 15 minutes by car. Explore the beautiful Franconian landscape on foot or by bike. Free parking spaces for bicycles and cars are available.\" \/>\n<meta name=\"robots\" content=\"index, follow, max-snippet:-1, max-image-preview:large, max-video-preview:-1\" \/>\n<link rel=\"canonical\" href=\"https:\/\/kuebler-hotel.de\/en\/faqs-2\/\" \/>\n<meta property=\"og:locale\" content=\"en_US\" \/>\n<meta property=\"og:locale:alternate\" content=\"de_DE\" \/>\n<meta property=\"og:type\" content=\"article\" \/>\n<meta property=\"og:title\" content=\"FAQs\" \/>\n<meta property=\"og:description\" content=\"This hotel is located in the middle of the Lorenzer Reichswald, southwest of Nuremberg and directly on the outskirts of the city. You can reach the Nuremberg Trade Fair after only 15 minutes by car. Explore the beautiful Franconian landscape on foot or by bike. Free parking spaces for bicycles and cars are available.\" \/>\n<meta property=\"og:url\" content=\"https:\/\/kuebler-hotel.de\/en\/faqs-2\/\" \/>\n<meta property=\"og:site_name\" content=\"Hotel &amp; Restaurant K\u00fcbler\" \/>\n<meta property=\"article:modified_time\" content=\"2025-09-10T10:37:43+00:00\" \/>\n<meta name=\"twitter:card\" content=\"summary_large_image\" \/>\n<meta name=\"twitter:label1\" content=\"Est. reading time\" \/>\n\t<meta name=\"twitter:data1\" content=\"5 minutes\" \/>\n<script type=\"application\/ld+json\" class=\"yoast-schema-graph\">{\"@context\":\"https:\\\/\\\/schema.org\",\"@graph\":[{\"@type\":\"WebPage\",\"@id\":\"https:\\\/\\\/kuebler-hotel.de\\\/faqs-2\\\/\",\"url\":\"https:\\\/\\\/kuebler-hotel.de\\\/faqs-2\\\/\",\"name\":\"FAQs\",\"isPartOf\":{\"@id\":\"https:\\\/\\\/kuebler-hotel.de\\\/#website\"},\"datePublished\":\"2024-01-30T09:46:28+00:00\",\"dateModified\":\"2025-09-10T10:37:43+00:00\",\"description\":\"This hotel is located in the middle of the Lorenzer Reichswald, southwest of Nuremberg and directly on the outskirts of the city. You can reach the Nuremberg Trade Fair after only 15 minutes by car. Explore the beautiful Franconian landscape on foot or by bike. Free parking spaces for bicycles and cars are available.\",\"breadcrumb\":{\"@id\":\"https:\\\/\\\/kuebler-hotel.de\\\/faqs-2\\\/#breadcrumb\"},\"inLanguage\":\"en-US\",\"potentialAction\":[{\"@type\":\"ReadAction\",\"target\":[\"https:\\\/\\\/kuebler-hotel.de\\\/faqs-2\\\/\"]}]},{\"@type\":\"BreadcrumbList\",\"@id\":\"https:\\\/\\\/kuebler-hotel.de\\\/faqs-2\\\/#breadcrumb\",\"itemListElement\":[{\"@type\":\"ListItem\",\"position\":1,\"name\":\"Home\",\"item\":\"https:\\\/\\\/kuebler-hotel.de\\\/\"},{\"@type\":\"ListItem\",\"position\":2,\"name\":\"FAQs\"}]},{\"@type\":\"WebSite\",\"@id\":\"https:\\\/\\\/kuebler-hotel.de\\\/#website\",\"url\":\"https:\\\/\\\/kuebler-hotel.de\\\/\",\"name\":\"Hotel & Restaurant K\u00fcbler\",\"description\":\"Welcome to R\u00f6thenbach at St. Wolfgang\",\"publisher\":{\"@id\":\"https:\\\/\\\/kuebler-hotel.de\\\/#organization\"},\"potentialAction\":[{\"@type\":\"SearchAction\",\"target\":{\"@type\":\"EntryPoint\",\"urlTemplate\":\"https:\\\/\\\/kuebler-hotel.de\\\/?s={search_term_string}\"},\"query-input\":{\"@type\":\"PropertyValueSpecification\",\"valueRequired\":true,\"valueName\":\"search_term_string\"}}],\"inLanguage\":\"en-US\"},{\"@type\":\"Organization\",\"@id\":\"https:\\\/\\\/kuebler-hotel.de\\\/#organization\",\"name\":\"Hotel & Restaurant K\u00fcbler\",\"url\":\"https:\\\/\\\/kuebler-hotel.de\\\/\",\"logo\":{\"@type\":\"ImageObject\",\"inLanguage\":\"en-US\",\"@id\":\"https:\\\/\\\/kuebler-hotel.de\\\/#\\\/schema\\\/logo\\\/image\\\/\",\"url\":\"https:\\\/\\\/kuebler-hotel.de\\\/wp-content\\\/uploads\\\/transparent_full.png\",\"contentUrl\":\"https:\\\/\\\/kuebler-hotel.de\\\/wp-content\\\/uploads\\\/transparent_full.png\",\"width\":825,\"height\":818,\"caption\":\"Hotel & Restaurant K\u00fcbler\"},\"image\":{\"@id\":\"https:\\\/\\\/kuebler-hotel.de\\\/#\\\/schema\\\/logo\\\/image\\\/\"}}]}<\/script>\n<!-- \/ Yoast SEO plugin. -->","yoast_head_json":{"title":"FAQs","description":"This hotel is located in the middle of the Lorenzer Reichswald, southwest of Nuremberg and directly on the outskirts of the city. You can reach the Nuremberg Trade Fair after only 15 minutes by car. Explore the beautiful Franconian landscape on foot or by bike. Free parking spaces for bicycles and cars are available.","robots":{"index":"index","follow":"follow","max-snippet":"max-snippet:-1","max-image-preview":"max-image-preview:large","max-video-preview":"max-video-preview:-1"},"canonical":"https:\/\/kuebler-hotel.de\/en\/faqs-2\/","og_locale":"en_US","og_type":"article","og_title":"[:de]FAQs[:] - Hotel & Restaurant K\u00fcbler","og_description":"This hotel is located in the middle of the Lorenzer Reichswald, southwest of Nuremberg and directly on the outskirts of the city. You can reach the Nuremberg Trade Fair after only 15 minutes by car. Explore the beautiful Franconian landscape on foot or by bike. Free parking spaces for bicycles and cars are available.","og_url":"https:\/\/kuebler-hotel.de\/en\/faqs-2\/","og_site_name":"Hotel & Restaurant K\u00fcbler","article_modified_time":"2025-09-10T10:37:43+00:00","twitter_card":"summary_large_image","twitter_misc":{"Est. reading time":"5 minutes"},"schema":{"@context":"https:\/\/schema.org","@graph":[{"@type":"WebPage","@id":"https:\/\/kuebler-hotel.de\/faqs-2\/","url":"https:\/\/kuebler-hotel.de\/faqs-2\/","name":"FAQs","isPartOf":{"@id":"https:\/\/kuebler-hotel.de\/#website"},"datePublished":"2024-01-30T09:46:28+00:00","dateModified":"2025-09-10T10:37:43+00:00","description":"This hotel is located in the middle of the Lorenzer Reichswald, southwest of Nuremberg and directly on the outskirts of the city. You can reach the Nuremberg Trade Fair after only 15 minutes by car. Explore the beautiful Franconian landscape on foot or by bike. Free parking spaces for bicycles and cars are available.","breadcrumb":{"@id":"https:\/\/kuebler-hotel.de\/faqs-2\/#breadcrumb"},"inLanguage":"en-US","potentialAction":[{"@type":"ReadAction","target":["https:\/\/kuebler-hotel.de\/faqs-2\/"]}]},{"@type":"BreadcrumbList","@id":"https:\/\/kuebler-hotel.de\/faqs-2\/#breadcrumb","itemListElement":[{"@type":"ListItem","position":1,"name":"Home","item":"https:\/\/kuebler-hotel.de\/"},{"@type":"ListItem","position":2,"name":"FAQs"}]},{"@type":"WebSite","@id":"https:\/\/kuebler-hotel.de\/#website","url":"https:\/\/kuebler-hotel.de\/","name":"Hotel & Restaurant K\u00fcbler","description":"Welcome to R\u00f6thenbach at St. Wolfgang","publisher":{"@id":"https:\/\/kuebler-hotel.de\/#organization"},"potentialAction":[{"@type":"SearchAction","target":{"@type":"EntryPoint","urlTemplate":"https:\/\/kuebler-hotel.de\/?s={search_term_string}"},"query-input":{"@type":"PropertyValueSpecification","valueRequired":true,"valueName":"search_term_string"}}],"inLanguage":"en-US"},{"@type":"Organization","@id":"https:\/\/kuebler-hotel.de\/#organization","name":"Hotel & Restaurant K\u00fcbler","url":"https:\/\/kuebler-hotel.de\/","logo":{"@type":"ImageObject","inLanguage":"en-US","@id":"https:\/\/kuebler-hotel.de\/#\/schema\/logo\/image\/","url":"https:\/\/kuebler-hotel.de\/wp-content\/uploads\/transparent_full.png","contentUrl":"https:\/\/kuebler-hotel.de\/wp-content\/uploads\/transparent_full.png","width":825,"height":818,"caption":"Hotel & Restaurant K\u00fcbler"},"image":{"@id":"https:\/\/kuebler-hotel.de\/#\/schema\/logo\/image\/"}}]}},"jetpack_sharing_enabled":true,"_links":{"self":[{"href":"https:\/\/kuebler-hotel.de\/en\/wp-json\/wp\/v2\/pages\/1946","targetHints":{"allow":["GET"]}}],"collection":[{"href":"https:\/\/kuebler-hotel.de\/en\/wp-json\/wp\/v2\/pages"}],"about":[{"href":"https:\/\/kuebler-hotel.de\/en\/wp-json\/wp\/v2\/types\/page"}],"author":[{"embeddable":true,"href":"https:\/\/kuebler-hotel.de\/en\/wp-json\/wp\/v2\/users\/1"}],"replies":[{"embeddable":true,"href":"https:\/\/kuebler-hotel.de\/en\/wp-json\/wp\/v2\/comments?post=1946"}],"version-history":[{"count":2,"href":"https:\/\/kuebler-hotel.de\/en\/wp-json\/wp\/v2\/pages\/1946\/revisions"}],"predecessor-version":[{"id":2840,"href":"https:\/\/kuebler-hotel.de\/en\/wp-json\/wp\/v2\/pages\/1946\/revisions\/2840"}],"wp:attachment":[{"href":"https:\/\/kuebler-hotel.de\/en\/wp-json\/wp\/v2\/media?parent=1946"}],"curies":[{"name":"wp","href":"https:\/\/api.w.org\/{rel}","templated":true}]}}