{"id":460,"date":"2020-10-22T11:00:08","date_gmt":"2020-10-22T09:00:08","guid":{"rendered":"https:\/\/kuebler-hotel.de\/?page_id=460"},"modified":"2021-01-27T17:06:39","modified_gmt":"2021-01-27T16:06:39","slug":"fahrradreise-am-fuenf-fluesse-radweg","status":"publish","type":"page","link":"https:\/\/kuebler-hotel.de\/en\/fahrradreise-am-fuenf-fluesse-radweg\/","title":{"rendered":"Fahrradreisen"},"content":{"rendered":"\n<p class=\"has-medium-font-size\"><strong><span class=\"has-inline-color has-luminous-vivid-amber-color\">Fahrradreise am F\u00fcnf-Fl\u00fcsse-Radweg<\/span><\/strong><\/p>\n\n\n\n<p>Entdecken Sie auf einer Strecke von ca. 300 km sehenswerte Kultur- und Naturlandschaften entlang der f\u00fcnf Fl\u00fcsse Naab, Vils, Pegnitz, Altm\u00fchl und Donau sowie des Ludwig-Donau-Main-Kanals. Durch insgesamt sieben Landkreise f\u00fchrt Sie dieser malerische Radweg und bietet so eine wunderbare Gelegenheit, die eigene Heimat und deren abwechslungsreiche Regionen besser kennen zu lernen.<\/p>\n\n\n\n<p>Wir w\u00fcnschen viel Spa\u00df und eine sichere Fahrt!<\/p>\n\n\n\n<p><\/p>\n\n\n\n<p class=\"has-medium-font-size\"><strong><span class=\"has-inline-color has-luminous-vivid-amber-color\">Das Hotel K\u00fcbler als perfekte Unterkunft f\u00fcr Ihr Etappenziel:<\/span><\/strong><\/p>\n\n\n\n<p>Unser Hotel liegt nur 200 m vom Ludwig-Donau-Main-Kanal entfernt und ist somit f\u00fcr Radreisende die ideale Unterkunft.<\/p>\n\n\n\n<p>\u00b7 Beginnen Sie den Tag mit unserem reichhaltigen Fr\u00fchst\u00fccksbuffet und schwingen sich danach gest\u00e4rkt wieder in den Sattel<\/p>\n\n\n\n<p>\u00b7\u00a0 Nachts k\u00f6nnen Sie Ihre R\u00e4der diebstahlsicher in unserer Garage parken<br>\u00b7\u00a0 Auch Trocknungsm\u00f6glichkeiten f\u00fcr Ihre Ausr\u00fcstung sind vorhanden<br>\u00b7\u00a0 F\u00fcr kleine Reparaturen liegt Werkzeug bereit<\/p>\n\n\n\n<figure class=\"wp-block-image size-large\"><img data-recalc-dims=\"1\" decoding=\"async\" width=\"640\" height=\"852\" data-src=\"https:\/\/i0.wp.com\/kuebler-hotel.de\/wp-content\/uploads\/97998077_164468895103534_4439792016968122368_o.jpg?resize=640%2C852&#038;ssl=1\" alt=\"\" class=\"wp-image-461 lazyload\" data-srcset=\"https:\/\/i0.wp.com\/kuebler-hotel.de\/wp-content\/uploads\/97998077_164468895103534_4439792016968122368_o.jpg?w=750&amp;ssl=1 750w, https:\/\/i0.wp.com\/kuebler-hotel.de\/wp-content\/uploads\/97998077_164468895103534_4439792016968122368_o.jpg?resize=225%2C300&amp;ssl=1 225w\" data-sizes=\"(max-width: 640px) 100vw, 640px\" src=\"data:image\/svg+xml;base64,PHN2ZyB3aWR0aD0iMSIgaGVpZ2h0PSIxIiB4bWxucz0iaHR0cDovL3d3dy53My5vcmcvMjAwMC9zdmciPjwvc3ZnPg==\" style=\"--smush-placeholder-width: 640px; --smush-placeholder-aspect-ratio: 640\/852;\" \/><\/figure>\n\n\n\n<p><\/p>\n","protected":false},"excerpt":{"rendered":"<p>Fahrradreise am F\u00fcnf-Fl\u00fcsse-Radweg Entdecken Sie auf einer Strecke von ca. 300 km sehenswerte Kultur- und Naturlandschaften entlang der f\u00fcnf Fl\u00fcsse Naab, Vils, Pegnitz, Altm\u00fchl und Donau sowie des Ludwig-Donau-Main-Kanals. Durch insgesamt sieben Landkreise f\u00fchrt Sie dieser malerische Radweg und bietet so eine wunderbare Gelegenheit, die eigene Heimat und deren abwechslungsreiche Regionen besser kennen zu lernen. [&hellip;]<\/p>\n","protected":false},"author":1,"featured_media":0,"parent":0,"menu_order":0,"comment_status":"closed","ping_status":"closed","template":"","meta":{"footnotes":""},"class_list":["post-460","page","type-page","status-publish","hentry"],"yoast_head":"<!-- This site is optimized with the Yoast SEO plugin v27.4 - https:\/\/yoast.com\/product\/yoast-seo-wordpress\/ -->\n<title>Fahrradreisen - Hotel &amp; Restaurant K\u00fcbler<\/title>\n<meta name=\"description\" content=\"This hotel is located in the middle of the Lorenzer Reichswald, southwest of Nuremberg and directly on the outskirts of the city. You can reach the Nuremberg Trade Fair after only 15 minutes by car. Explore the beautiful Franconian landscape on foot or by bike. Free parking spaces for bicycles and cars are available.\" \/>\n<meta name=\"robots\" content=\"index, follow, max-snippet:-1, max-image-preview:large, max-video-preview:-1\" \/>\n<link rel=\"canonical\" href=\"https:\/\/kuebler-hotel.de\/en\/fahrradreise-am-fuenf-fluesse-radweg\/\" \/>\n<meta property=\"og:locale\" content=\"en_US\" \/>\n<meta property=\"og:locale:alternate\" content=\"de_DE\" \/>\n<meta property=\"og:type\" content=\"article\" \/>\n<meta property=\"og:title\" content=\"Fahrradreisen\" \/>\n<meta property=\"og:description\" content=\"This hotel is located in the middle of the Lorenzer Reichswald, southwest of Nuremberg and directly on the outskirts of the city. You can reach the Nuremberg Trade Fair after only 15 minutes by car. Explore the beautiful Franconian landscape on foot or by bike. Free parking spaces for bicycles and cars are available.\" \/>\n<meta property=\"og:url\" content=\"https:\/\/kuebler-hotel.de\/en\/fahrradreise-am-fuenf-fluesse-radweg\/\" \/>\n<meta property=\"og:site_name\" content=\"Hotel &amp; Restaurant K\u00fcbler\" \/>\n<meta property=\"article:modified_time\" content=\"2021-01-27T16:06:39+00:00\" \/>\n<meta property=\"og:image\" content=\"https:\/\/kuebler-hotel.de\/wp-content\/uploads\/97998077_164468895103534_4439792016968122368_o.jpg\" \/>\n<meta name=\"twitter:card\" content=\"summary_large_image\" \/>\n<meta name=\"twitter:label1\" content=\"Est. reading time\" \/>\n\t<meta name=\"twitter:data1\" content=\"1 minute\" \/>\n<script type=\"application\/ld+json\" class=\"yoast-schema-graph\">{\"@context\":\"https:\\\/\\\/schema.org\",\"@graph\":[{\"@type\":\"WebPage\",\"@id\":\"https:\\\/\\\/kuebler-hotel.de\\\/fahrradreise-am-fuenf-fluesse-radweg\\\/\",\"url\":\"https:\\\/\\\/kuebler-hotel.de\\\/fahrradreise-am-fuenf-fluesse-radweg\\\/\",\"name\":\"Fahrradreisen\",\"isPartOf\":{\"@id\":\"https:\\\/\\\/kuebler-hotel.de\\\/#website\"},\"primaryImageOfPage\":{\"@id\":\"https:\\\/\\\/kuebler-hotel.de\\\/fahrradreise-am-fuenf-fluesse-radweg\\\/#primaryimage\"},\"image\":{\"@id\":\"https:\\\/\\\/kuebler-hotel.de\\\/fahrradreise-am-fuenf-fluesse-radweg\\\/#primaryimage\"},\"thumbnailUrl\":\"https:\\\/\\\/kuebler-hotel.de\\\/wp-content\\\/uploads\\\/97998077_164468895103534_4439792016968122368_o.jpg\",\"datePublished\":\"2020-10-22T09:00:08+00:00\",\"dateModified\":\"2021-01-27T16:06:39+00:00\",\"description\":\"This hotel is located in the middle of the Lorenzer Reichswald, southwest of Nuremberg and directly on the outskirts of the city. You can reach the Nuremberg Trade Fair after only 15 minutes by car. Explore the beautiful Franconian landscape on foot or by bike. Free parking spaces for bicycles and cars are available.\",\"breadcrumb\":{\"@id\":\"https:\\\/\\\/kuebler-hotel.de\\\/fahrradreise-am-fuenf-fluesse-radweg\\\/#breadcrumb\"},\"inLanguage\":\"en-US\",\"potentialAction\":[{\"@type\":\"ReadAction\",\"target\":[\"https:\\\/\\\/kuebler-hotel.de\\\/fahrradreise-am-fuenf-fluesse-radweg\\\/\"]}]},{\"@type\":\"ImageObject\",\"inLanguage\":\"en-US\",\"@id\":\"https:\\\/\\\/kuebler-hotel.de\\\/fahrradreise-am-fuenf-fluesse-radweg\\\/#primaryimage\",\"url\":\"https:\\\/\\\/kuebler-hotel.de\\\/wp-content\\\/uploads\\\/97998077_164468895103534_4439792016968122368_o.jpg\",\"contentUrl\":\"https:\\\/\\\/kuebler-hotel.de\\\/wp-content\\\/uploads\\\/97998077_164468895103534_4439792016968122368_o.jpg\"},{\"@type\":\"BreadcrumbList\",\"@id\":\"https:\\\/\\\/kuebler-hotel.de\\\/fahrradreise-am-fuenf-fluesse-radweg\\\/#breadcrumb\",\"itemListElement\":[{\"@type\":\"ListItem\",\"position\":1,\"name\":\"Home\",\"item\":\"https:\\\/\\\/kuebler-hotel.de\\\/\"},{\"@type\":\"ListItem\",\"position\":2,\"name\":\"Fahrradreisen\"}]},{\"@type\":\"WebSite\",\"@id\":\"https:\\\/\\\/kuebler-hotel.de\\\/#website\",\"url\":\"https:\\\/\\\/kuebler-hotel.de\\\/\",\"name\":\"Hotel & Restaurant K\u00fcbler\",\"description\":\"Welcome to R\u00f6thenbach at St. Wolfgang\",\"publisher\":{\"@id\":\"https:\\\/\\\/kuebler-hotel.de\\\/#organization\"},\"potentialAction\":[{\"@type\":\"SearchAction\",\"target\":{\"@type\":\"EntryPoint\",\"urlTemplate\":\"https:\\\/\\\/kuebler-hotel.de\\\/?s={search_term_string}\"},\"query-input\":{\"@type\":\"PropertyValueSpecification\",\"valueRequired\":true,\"valueName\":\"search_term_string\"}}],\"inLanguage\":\"en-US\"},{\"@type\":\"Organization\",\"@id\":\"https:\\\/\\\/kuebler-hotel.de\\\/#organization\",\"name\":\"Hotel & Restaurant K\u00fcbler\",\"url\":\"https:\\\/\\\/kuebler-hotel.de\\\/\",\"logo\":{\"@type\":\"ImageObject\",\"inLanguage\":\"en-US\",\"@id\":\"https:\\\/\\\/kuebler-hotel.de\\\/#\\\/schema\\\/logo\\\/image\\\/\",\"url\":\"https:\\\/\\\/kuebler-hotel.de\\\/wp-content\\\/uploads\\\/transparent_full.png\",\"contentUrl\":\"https:\\\/\\\/kuebler-hotel.de\\\/wp-content\\\/uploads\\\/transparent_full.png\",\"width\":825,\"height\":818,\"caption\":\"Hotel & Restaurant K\u00fcbler\"},\"image\":{\"@id\":\"https:\\\/\\\/kuebler-hotel.de\\\/#\\\/schema\\\/logo\\\/image\\\/\"}}]}<\/script>\n<!-- \/ Yoast SEO plugin. -->","yoast_head_json":{"title":"Fahrradreisen - Hotel & Restaurant K\u00fcbler","description":"This hotel is located in the middle of the Lorenzer Reichswald, southwest of Nuremberg and directly on the outskirts of the city. You can reach the Nuremberg Trade Fair after only 15 minutes by car. Explore the beautiful Franconian landscape on foot or by bike. Free parking spaces for bicycles and cars are available.","robots":{"index":"index","follow":"follow","max-snippet":"max-snippet:-1","max-image-preview":"max-image-preview:large","max-video-preview":"max-video-preview:-1"},"canonical":"https:\/\/kuebler-hotel.de\/en\/fahrradreise-am-fuenf-fluesse-radweg\/","og_locale":"en_US","og_type":"article","og_title":"[:de]Fahrradreisen[:] - Hotel & Restaurant K\u00fcbler","og_description":"This hotel is located in the middle of the Lorenzer Reichswald, southwest of Nuremberg and directly on the outskirts of the city. You can reach the Nuremberg Trade Fair after only 15 minutes by car. Explore the beautiful Franconian landscape on foot or by bike. Free parking spaces for bicycles and cars are available.","og_url":"https:\/\/kuebler-hotel.de\/en\/fahrradreise-am-fuenf-fluesse-radweg\/","og_site_name":"Hotel & Restaurant K\u00fcbler","article_modified_time":"2021-01-27T16:06:39+00:00","og_image":[{"url":"https:\/\/kuebler-hotel.de\/wp-content\/uploads\/97998077_164468895103534_4439792016968122368_o.jpg","type":"","width":"","height":""}],"twitter_card":"summary_large_image","twitter_misc":{"Est. reading time":"1 minute"},"schema":{"@context":"https:\/\/schema.org","@graph":[{"@type":"WebPage","@id":"https:\/\/kuebler-hotel.de\/fahrradreise-am-fuenf-fluesse-radweg\/","url":"https:\/\/kuebler-hotel.de\/fahrradreise-am-fuenf-fluesse-radweg\/","name":"Fahrradreisen","isPartOf":{"@id":"https:\/\/kuebler-hotel.de\/#website"},"primaryImageOfPage":{"@id":"https:\/\/kuebler-hotel.de\/fahrradreise-am-fuenf-fluesse-radweg\/#primaryimage"},"image":{"@id":"https:\/\/kuebler-hotel.de\/fahrradreise-am-fuenf-fluesse-radweg\/#primaryimage"},"thumbnailUrl":"https:\/\/kuebler-hotel.de\/wp-content\/uploads\/97998077_164468895103534_4439792016968122368_o.jpg","datePublished":"2020-10-22T09:00:08+00:00","dateModified":"2021-01-27T16:06:39+00:00","description":"This hotel is located in the middle of the Lorenzer Reichswald, southwest of Nuremberg and directly on the outskirts of the city. You can reach the Nuremberg Trade Fair after only 15 minutes by car. Explore the beautiful Franconian landscape on foot or by bike. Free parking spaces for bicycles and cars are available.","breadcrumb":{"@id":"https:\/\/kuebler-hotel.de\/fahrradreise-am-fuenf-fluesse-radweg\/#breadcrumb"},"inLanguage":"en-US","potentialAction":[{"@type":"ReadAction","target":["https:\/\/kuebler-hotel.de\/fahrradreise-am-fuenf-fluesse-radweg\/"]}]},{"@type":"ImageObject","inLanguage":"en-US","@id":"https:\/\/kuebler-hotel.de\/fahrradreise-am-fuenf-fluesse-radweg\/#primaryimage","url":"https:\/\/kuebler-hotel.de\/wp-content\/uploads\/97998077_164468895103534_4439792016968122368_o.jpg","contentUrl":"https:\/\/kuebler-hotel.de\/wp-content\/uploads\/97998077_164468895103534_4439792016968122368_o.jpg"},{"@type":"BreadcrumbList","@id":"https:\/\/kuebler-hotel.de\/fahrradreise-am-fuenf-fluesse-radweg\/#breadcrumb","itemListElement":[{"@type":"ListItem","position":1,"name":"Home","item":"https:\/\/kuebler-hotel.de\/"},{"@type":"ListItem","position":2,"name":"Fahrradreisen"}]},{"@type":"WebSite","@id":"https:\/\/kuebler-hotel.de\/#website","url":"https:\/\/kuebler-hotel.de\/","name":"Hotel & Restaurant K\u00fcbler","description":"Welcome to R\u00f6thenbach at St. Wolfgang","publisher":{"@id":"https:\/\/kuebler-hotel.de\/#organization"},"potentialAction":[{"@type":"SearchAction","target":{"@type":"EntryPoint","urlTemplate":"https:\/\/kuebler-hotel.de\/?s={search_term_string}"},"query-input":{"@type":"PropertyValueSpecification","valueRequired":true,"valueName":"search_term_string"}}],"inLanguage":"en-US"},{"@type":"Organization","@id":"https:\/\/kuebler-hotel.de\/#organization","name":"Hotel & Restaurant K\u00fcbler","url":"https:\/\/kuebler-hotel.de\/","logo":{"@type":"ImageObject","inLanguage":"en-US","@id":"https:\/\/kuebler-hotel.de\/#\/schema\/logo\/image\/","url":"https:\/\/kuebler-hotel.de\/wp-content\/uploads\/transparent_full.png","contentUrl":"https:\/\/kuebler-hotel.de\/wp-content\/uploads\/transparent_full.png","width":825,"height":818,"caption":"Hotel & Restaurant K\u00fcbler"},"image":{"@id":"https:\/\/kuebler-hotel.de\/#\/schema\/logo\/image\/"}}]}},"jetpack_sharing_enabled":true,"_links":{"self":[{"href":"https:\/\/kuebler-hotel.de\/en\/wp-json\/wp\/v2\/pages\/460","targetHints":{"allow":["GET"]}}],"collection":[{"href":"https:\/\/kuebler-hotel.de\/en\/wp-json\/wp\/v2\/pages"}],"about":[{"href":"https:\/\/kuebler-hotel.de\/en\/wp-json\/wp\/v2\/types\/page"}],"author":[{"embeddable":true,"href":"https:\/\/kuebler-hotel.de\/en\/wp-json\/wp\/v2\/users\/1"}],"replies":[{"embeddable":true,"href":"https:\/\/kuebler-hotel.de\/en\/wp-json\/wp\/v2\/comments?post=460"}],"version-history":[{"count":9,"href":"https:\/\/kuebler-hotel.de\/en\/wp-json\/wp\/v2\/pages\/460\/revisions"}],"predecessor-version":[{"id":545,"href":"https:\/\/kuebler-hotel.de\/en\/wp-json\/wp\/v2\/pages\/460\/revisions\/545"}],"wp:attachment":[{"href":"https:\/\/kuebler-hotel.de\/en\/wp-json\/wp\/v2\/media?parent=460"}],"curies":[{"name":"wp","href":"https:\/\/api.w.org\/{rel}","templated":true}]}}